{"id":275,"date":"2025-07-06T11:27:45","date_gmt":"2025-07-06T11:27:45","guid":{"rendered":"https:\/\/naturkindergarten-fronhausen.de\/?page_id=275"},"modified":"2025-07-06T20:21:00","modified_gmt":"2025-07-06T20:21:00","slug":"stellenanzeigen-praktikum","status":"publish","type":"page","link":"https:\/\/naturkindergarten-fronhausen.de\/?page_id=275","title":{"rendered":"Mitarbeit &amp; Praktikum"},"content":{"rendered":"\n<p>Du liebst die Natur, arbeitest gerne mit Kindern und m\u00f6chtest Teil eines engagierten, herzlichen Teams sein? Dann bist du bei uns genau richtig!<\/p>\n\n\n\n<p>Im Naturkindergarten Fronhausen bieten wir nicht nur Kindern einen besonderen Lern- und Lebensraum \u2013 auch f\u00fcr p\u00e4dagogische Fachkr\u00e4fte, PraktikantInnen und naturbegeisterte Menschen ist unser Kindergarten ein Ort zum Mitgestalten, Wachsen und Wirken.<\/p>\n\n\n\n<p>Ob als feste MitarbeiterIn, im Rahmen eines Praktikums oder im freiwilligen Engagement \u2013 wir freuen uns \u00fcber Menschen, die unsere Werte teilen und mit uns gemeinsam den Alltag im Wald lebendig gestalten m\u00f6chten.<\/p>\n\n\n\n<p><\/p>\n\n\n\n<h2 class=\"wp-block-heading\">Krankheitsvertretungen gesucht!<\/h2>\n\n\n\n<p>Du hast Erfahrung in der Arbeit mit Kindern und Lust, spontan einzuspringen?<br>Wir suchen&nbsp;<strong>flexible Krankheitsvertretungen<\/strong>, die unser Team im Naturkindergarten Fronhausen bei Bedarf unterst\u00fctzen.<\/p>\n\n\n\n<p>Interesse? Dann melde dich gerne unter:&nbsp;<strong><a href=\"mailto:info@naturkindergarten-fronhausen.de\" target=\"_blank\" rel=\"noreferrer noopener\">info@naturkindergarten-fronhausen.de<\/a><\/strong><\/p>\n\n\n\n<h2 class=\"wp-block-heading\">Ehrenamtliche Begleitung gesucht!<\/h2>\n\n\n\n<p>Du liebst die Natur, arbeitest gerne mit Kindern und m\u00f6chtest dich sinnvoll engagieren?<br>Dann freuen wir uns auf dich! Der Naturkindergarten Fronhausen sucht&nbsp;<strong>ehrenamtliche Begleitungen<\/strong>, die unser Team bei Ausfl\u00fcgen, Projekten oder im Alltag unterst\u00fctzen m\u00f6chten.<\/p>\n\n\n\n<p>Ob regelm\u00e4\u00dfig oder gelegentlich \u2013 dein Einsatz ist wertvoll und herzlich willkommen!<br>Melde dich gerne unter:&nbsp;<strong><a href=\"mailto:info@naturkindergarten-fronhausen.de\" target=\"_blank\" rel=\"noreferrer noopener\">info@naturkindergarten-fronhausen.de<\/a><\/strong><\/p>\n\n\n\n<p><\/p>\n\n\n\n<h2 class=\"wp-block-heading\">Praktikum<\/h2>\n\n\n\n<p>Du m\u00f6chtest einen Einblick in die naturp\u00e4dagogische Arbeit gewinnen und Kinder im Alltag begleiten?<br>Wir freuen uns \u00fcber interessierte&nbsp;<strong>Praktikant:innen<\/strong>, die uns unterst\u00fctzen m\u00f6chten!<\/p>\n\n\n\n<p><strong>Voraussetzung:<\/strong>&nbsp;Eine Praktikumsdauer von mindestens&nbsp;<strong>14 Tagen<\/strong>.<br>Bei Interesse melde dich gerne unter:&nbsp;<strong><a href=\"mailto:info@naturkindergarten-fronhausen.de\" target=\"_blank\" rel=\"noreferrer noopener\">info@naturkindergarten-fronhausen.de<\/a><\/strong><\/p>\n\n\n\n<p><\/p>\n","protected":false},"excerpt":{"rendered":"<p>Du liebst die Natur, arbeitest gerne mit Kindern und m\u00f6chtest Teil eines engagierten, herzlichen Teams sein? Dann bist du bei uns genau richtig! Im Naturkindergarten Fronhausen bieten wir nicht nur Kindern einen besonderen Lern- und Lebensraum \u2013 auch f\u00fcr p\u00e4dagogische Fachkr\u00e4fte, PraktikantInnen und naturbegeisterte Menschen ist unser Kindergarten ein Ort zum Mitgestalten, Wachsen und Wirken. [&hellip;]<\/p>\n","protected":false},"author":1,"featured_media":0,"parent":0,"menu_order":0,"comment_status":"closed","ping_status":"closed","template":"","meta":{"footnotes":""},"class_list":["post-275","page","type-page","status-publish","hentry"],"_links":{"self":[{"href":"https:\/\/naturkindergarten-fronhausen.de\/index.php?rest_route=\/wp\/v2\/pages\/275","targetHints":{"allow":["GET"]}}],"collection":[{"href":"https:\/\/naturkindergarten-fronhausen.de\/index.php?rest_route=\/wp\/v2\/pages"}],"about":[{"href":"https:\/\/naturkindergarten-fronhausen.de\/index.php?rest_route=\/wp\/v2\/types\/page"}],"author":[{"embeddable":true,"href":"https:\/\/naturkindergarten-fronhausen.de\/index.php?rest_route=\/wp\/v2\/users\/1"}],"replies":[{"embeddable":true,"href":"https:\/\/naturkindergarten-fronhausen.de\/index.php?rest_route=%2Fwp%2Fv2%2Fcomments&post=275"}],"version-history":[{"count":9,"href":"https:\/\/naturkindergarten-fronhausen.de\/index.php?rest_route=\/wp\/v2\/pages\/275\/revisions"}],"predecessor-version":[{"id":386,"href":"https:\/\/naturkindergarten-fronhausen.de\/index.php?rest_route=\/wp\/v2\/pages\/275\/revisions\/386"}],"wp:attachment":[{"href":"https:\/\/naturkindergarten-fronhausen.de\/index.php?rest_route=%2Fwp%2Fv2%2Fmedia&parent=275"}],"curies":[{"name":"wp","href":"https:\/\/api.w.org\/{rel}","templated":true}]}}